{"id":17,"date":"2018-02-05T11:55:23","date_gmt":"2018-02-05T16:55:23","guid":{"rendered":"http:\/\/localhost:8080\/?page_id=17"},"modified":"2026-01-23T11:59:43","modified_gmt":"2026-01-23T16:59:43","slug":"dons","status":"publish","type":"page","link":"https:\/\/fondationmolson.org\/fr\/dons\/","title":{"rendered":"Soumettre une demande"},"content":{"rendered":"","protected":false},"excerpt":{"rendered":"","protected":false},"author":3,"featured_media":0,"parent":0,"menu_order":0,"comment_status":"closed","ping_status":"closed","template":"","meta":{"_acf_changed":false,"footnotes":""},"class_list":["post-17","page","type-page","status-publish","hentry"],"acf":[],"yoast_head":"<!-- This site is optimized with the Yoast SEO plugin v26.8 - https:\/\/yoast.com\/product\/yoast-seo-wordpress\/ -->\n<title>Soumettre une demande<\/title>\n<meta name=\"description\" content=\"Trouvez les modalit\u00e9s de demande de dons aupr\u00e8s de la Fondation Molson, les crit\u00e8res d\u2019admissibilit\u00e9 et comment nos financements soutiennent des projets significatifs.\" \/>\n<meta name=\"robots\" content=\"index, follow, max-snippet:-1, max-image-preview:large, max-video-preview:-1\" \/>\n<link rel=\"canonical\" href=\"https:\/\/fondationmolson.org\/fr\/dons\/\" \/>\n<meta property=\"og:locale\" content=\"fr_CA\" \/>\n<meta property=\"og:type\" content=\"article\" \/>\n<meta property=\"og:title\" content=\"Soumettre une demande\" \/>\n<meta property=\"og:description\" content=\"Trouvez les modalit\u00e9s de demande de dons aupr\u00e8s de la Fondation Molson, les crit\u00e8res d\u2019admissibilit\u00e9 et comment nos financements soutiennent des projets significatifs.\" \/>\n<meta property=\"og:url\" content=\"https:\/\/fondationmolson.org\/fr\/dons\/\" \/>\n<meta property=\"og:site_name\" content=\"Fondation Molson\" \/>\n<meta property=\"article:modified_time\" content=\"2026-01-23T16:59:43+00:00\" \/>\n<meta name=\"twitter:card\" content=\"summary_large_image\" \/>\n<script type=\"application\/ld+json\" class=\"yoast-schema-graph\">{\"@context\":\"https:\/\/schema.org\",\"@graph\":[{\"@type\":\"WebPage\",\"@id\":\"https:\/\/fondationmolson.org\/fr\/dons\/\",\"url\":\"https:\/\/fondationmolson.org\/fr\/dons\/\",\"name\":\"Soumettre une demande\",\"isPartOf\":{\"@id\":\"https:\/\/fondationmolson.org\/fr\/#website\"},\"datePublished\":\"2018-02-05T16:55:23+00:00\",\"dateModified\":\"2026-01-23T16:59:43+00:00\",\"description\":\"Trouvez les modalit\u00e9s de demande de dons aupr\u00e8s de la Fondation Molson, les crit\u00e8res d\u2019admissibilit\u00e9 et comment nos financements soutiennent des projets significatifs.\",\"breadcrumb\":{\"@id\":\"https:\/\/fondationmolson.org\/fr\/dons\/#breadcrumb\"},\"inLanguage\":\"fr-CA\",\"potentialAction\":[{\"@type\":\"ReadAction\",\"target\":[\"https:\/\/fondationmolson.org\/fr\/dons\/\"]}]},{\"@type\":\"BreadcrumbList\",\"@id\":\"https:\/\/fondationmolson.org\/fr\/dons\/#breadcrumb\",\"itemListElement\":[{\"@type\":\"ListItem\",\"position\":1,\"name\":\"Home\",\"item\":\"https:\/\/fondationmolson.org\/en\/\"},{\"@type\":\"ListItem\",\"position\":2,\"name\":\"Soumettre une demande\"}]},{\"@type\":\"WebSite\",\"@id\":\"https:\/\/fondationmolson.org\/fr\/#website\",\"url\":\"https:\/\/fondationmolson.org\/fr\/\",\"name\":\"Fondation Molson\",\"description\":\"The Molson Foundation\",\"publisher\":{\"@id\":\"https:\/\/fondationmolson.org\/fr\/#organization\"},\"potentialAction\":[{\"@type\":\"SearchAction\",\"target\":{\"@type\":\"EntryPoint\",\"urlTemplate\":\"https:\/\/fondationmolson.org\/fr\/?s={search_term_string}\"},\"query-input\":{\"@type\":\"PropertyValueSpecification\",\"valueRequired\":true,\"valueName\":\"search_term_string\"}}],\"inLanguage\":\"fr-CA\"},{\"@type\":\"Organization\",\"@id\":\"https:\/\/fondationmolson.org\/fr\/#organization\",\"name\":\"Fondation Molson\",\"url\":\"https:\/\/fondationmolson.org\/fr\/\",\"logo\":{\"@type\":\"ImageObject\",\"inLanguage\":\"fr-CA\",\"@id\":\"https:\/\/fondationmolson.org\/fr\/#\/schema\/logo\/image\/\",\"url\":\"https:\/\/fondationmolson.org\/wp-content\/uploads\/logomolson-1-1.png\",\"contentUrl\":\"https:\/\/fondationmolson.org\/wp-content\/uploads\/logomolson-1-1.png\",\"width\":97,\"height\":46,\"caption\":\"Fondation Molson\"},\"image\":{\"@id\":\"https:\/\/fondationmolson.org\/fr\/#\/schema\/logo\/image\/\"}}]}<\/script>\n<!-- \/ Yoast SEO plugin. -->","yoast_head_json":{"title":"Soumettre une demande","description":"Trouvez les modalit\u00e9s de demande de dons aupr\u00e8s de la Fondation Molson, les crit\u00e8res d\u2019admissibilit\u00e9 et comment nos financements soutiennent des projets significatifs.","robots":{"index":"index","follow":"follow","max-snippet":"max-snippet:-1","max-image-preview":"max-image-preview:large","max-video-preview":"max-video-preview:-1"},"canonical":"https:\/\/fondationmolson.org\/fr\/dons\/","og_locale":"fr_CA","og_type":"article","og_title":"Soumettre une demande","og_description":"Trouvez les modalit\u00e9s de demande de dons aupr\u00e8s de la Fondation Molson, les crit\u00e8res d\u2019admissibilit\u00e9 et comment nos financements soutiennent des projets significatifs.","og_url":"https:\/\/fondationmolson.org\/fr\/dons\/","og_site_name":"Fondation Molson","article_modified_time":"2026-01-23T16:59:43+00:00","twitter_card":"summary_large_image","schema":{"@context":"https:\/\/schema.org","@graph":[{"@type":"WebPage","@id":"https:\/\/fondationmolson.org\/fr\/dons\/","url":"https:\/\/fondationmolson.org\/fr\/dons\/","name":"Soumettre une demande","isPartOf":{"@id":"https:\/\/fondationmolson.org\/fr\/#website"},"datePublished":"2018-02-05T16:55:23+00:00","dateModified":"2026-01-23T16:59:43+00:00","description":"Trouvez les modalit\u00e9s de demande de dons aupr\u00e8s de la Fondation Molson, les crit\u00e8res d\u2019admissibilit\u00e9 et comment nos financements soutiennent des projets significatifs.","breadcrumb":{"@id":"https:\/\/fondationmolson.org\/fr\/dons\/#breadcrumb"},"inLanguage":"fr-CA","potentialAction":[{"@type":"ReadAction","target":["https:\/\/fondationmolson.org\/fr\/dons\/"]}]},{"@type":"BreadcrumbList","@id":"https:\/\/fondationmolson.org\/fr\/dons\/#breadcrumb","itemListElement":[{"@type":"ListItem","position":1,"name":"Home","item":"https:\/\/fondationmolson.org\/en\/"},{"@type":"ListItem","position":2,"name":"Soumettre une demande"}]},{"@type":"WebSite","@id":"https:\/\/fondationmolson.org\/fr\/#website","url":"https:\/\/fondationmolson.org\/fr\/","name":"Fondation Molson","description":"The Molson Foundation","publisher":{"@id":"https:\/\/fondationmolson.org\/fr\/#organization"},"potentialAction":[{"@type":"SearchAction","target":{"@type":"EntryPoint","urlTemplate":"https:\/\/fondationmolson.org\/fr\/?s={search_term_string}"},"query-input":{"@type":"PropertyValueSpecification","valueRequired":true,"valueName":"search_term_string"}}],"inLanguage":"fr-CA"},{"@type":"Organization","@id":"https:\/\/fondationmolson.org\/fr\/#organization","name":"Fondation Molson","url":"https:\/\/fondationmolson.org\/fr\/","logo":{"@type":"ImageObject","inLanguage":"fr-CA","@id":"https:\/\/fondationmolson.org\/fr\/#\/schema\/logo\/image\/","url":"https:\/\/fondationmolson.org\/wp-content\/uploads\/logomolson-1-1.png","contentUrl":"https:\/\/fondationmolson.org\/wp-content\/uploads\/logomolson-1-1.png","width":97,"height":46,"caption":"Fondation Molson"},"image":{"@id":"https:\/\/fondationmolson.org\/fr\/#\/schema\/logo\/image\/"}}]}},"_links":{"self":[{"href":"https:\/\/fondationmolson.org\/fr\/wp-json\/wp\/v2\/pages\/17","targetHints":{"allow":["GET"]}}],"collection":[{"href":"https:\/\/fondationmolson.org\/fr\/wp-json\/wp\/v2\/pages"}],"about":[{"href":"https:\/\/fondationmolson.org\/fr\/wp-json\/wp\/v2\/types\/page"}],"author":[{"embeddable":true,"href":"https:\/\/fondationmolson.org\/fr\/wp-json\/wp\/v2\/users\/3"}],"replies":[{"embeddable":true,"href":"https:\/\/fondationmolson.org\/fr\/wp-json\/wp\/v2\/comments?post=17"}],"version-history":[{"count":0,"href":"https:\/\/fondationmolson.org\/fr\/wp-json\/wp\/v2\/pages\/17\/revisions"}],"wp:attachment":[{"href":"https:\/\/fondationmolson.org\/fr\/wp-json\/wp\/v2\/media?parent=17"}],"curies":[{"name":"wp","href":"https:\/\/api.w.org\/{rel}","templated":true}]}}